{"id":2,"date":"2026-01-02T17:18:40","date_gmt":"2026-01-02T10:18:40","guid":{"rendered":"https:\/\/www.demo.vietnamweb.asia\/?page_id=2"},"modified":"2026-01-02T17:18:40","modified_gmt":"2026-01-02T10:18:40","slug":"trang-chu","status":"publish","type":"page","link":"https:\/\/2899y.org\/","title":{"rendered":"2899y com &#8211; Casino Ho\u00e0n Tr\u1ea3 Ti\u1ec1n N\u1ea1p B\u1ed3i Th\u01b0\u1edfng \u0110\u1ebfn 28.888k"},"content":{"rendered":"<h2><span style=\"font-size: 110%; color: #f99b1c;\"><strong>TRANG CH\u1ee6 \u0110\u0102NG NH\u1eacP NH\u00c0 C\u00c1I 28BET<\/strong><\/span><\/h2>\n<p>Link trang t\u1ed5ng v\u00e0o 2899y com ch\u00ednh th\u1ee9c c\u1eadp nh\u1eadt ng\u00e0y h\u00f4m nay m\u1edbi nh\u1ea5t:<\/p>\n<div class=\"row row-small\"  id=\"row-1265857510\">\n\n\t<div id=\"col-976303569\" class=\"col medium-4 small-12 large-4\"  >\n\t\t\t\t<div class=\"col-inner\"  >\n\t\t\t\n\t\t\t\n\t<div class=\"img has-hover x md-x lg-x y md-y lg-y\" id=\"image_740032746\">\n\t\t<a class=\"\" href=\"https:\/\/linkquangcao.com\/kfqi\" >\t\t\t\t\t\t<div class=\"img-inner dark\" >\n\t\t\t<img loading=\"lazy\" decoding=\"async\" width=\"400\" height=\"188\" src=\"https:\/\/2899y.org\/wp-content\/uploads\/2025\/03\/dang-ky.webp\" class=\"attachment-original size-original\" alt=\"\u0110\u0103ng k\u00fd nh\u00e0 c\u00e1i\" srcset=\"https:\/\/2899y.org\/wp-content\/uploads\/2025\/03\/dang-ky.webp 400w, https:\/\/2899y.org\/wp-content\/uploads\/2025\/03\/dang-ky-300x141.webp 300w\" sizes=\"auto, (max-width: 400px) 100vw, 400px\" \/>\t\t\t\t\t\t\n\t\t\t\t\t<\/div>\n\t\t\t\t\t\t<\/a>\t\t\n<style>\n#image_740032746 {\n  width: 100%;\n}\n<\/style>\n\t<\/div>\n\t\n\t\t<\/div>\n\t\t\t\t\t<\/div>\n\n\t\n\n\t<div id=\"col-270608672\" class=\"col medium-4 small-12 large-4\"  >\n\t\t\t\t<div class=\"col-inner\"  >\n\t\t\t\n\t\t\t\n\t<div class=\"img has-hover x md-x lg-x y md-y lg-y\" id=\"image_126521859\">\n\t\t<a class=\"\" href=\"https:\/\/linkquangcao.com\/kfqi\" >\t\t\t\t\t\t<div class=\"img-inner dark\" >\n\t\t\t<img loading=\"lazy\" decoding=\"async\" width=\"400\" height=\"188\" src=\"https:\/\/2899y.org\/wp-content\/uploads\/2025\/03\/dang-nhap.webp\" class=\"attachment-original size-original\" alt=\"\u0110\u0103ng nh\u1eadp t\u1ea3i app\" srcset=\"https:\/\/2899y.org\/wp-content\/uploads\/2025\/03\/dang-nhap.webp 400w, https:\/\/2899y.org\/wp-content\/uploads\/2025\/03\/dang-nhap-300x141.webp 300w\" sizes=\"auto, (max-width: 400px) 100vw, 400px\" \/>\t\t\t\t\t\t\n\t\t\t\t\t<\/div>\n\t\t\t\t\t\t<\/a>\t\t\n<style>\n#image_126521859 {\n  width: 100%;\n}\n<\/style>\n\t<\/div>\n\t\n\t\t<\/div>\n\t\t\t\t\t<\/div>\n\n\t\n\n\t<div id=\"col-201605537\" class=\"col medium-4 small-12 large-4\"  >\n\t\t\t\t<div class=\"col-inner\"  >\n\t\t\t\n\t\t\t\n\t<div class=\"img has-hover x md-x lg-x y md-y lg-y\" id=\"image_1794085017\">\n\t\t<a class=\"\" href=\"https:\/\/linkquangcao.com\/kfqi\" >\t\t\t\t\t\t<div class=\"img-inner dark\" >\n\t\t\t<img loading=\"lazy\" decoding=\"async\" width=\"400\" height=\"188\" src=\"https:\/\/2899y.org\/wp-content\/uploads\/2025\/03\/khuyen-mai.webp\" class=\"attachment-original size-original\" alt=\"Khuy\u1ebfn m\u00e3i th\u00e0nh vi\u00ean\" srcset=\"https:\/\/2899y.org\/wp-content\/uploads\/2025\/03\/khuyen-mai.webp 400w, https:\/\/2899y.org\/wp-content\/uploads\/2025\/03\/khuyen-mai-300x141.webp 300w\" sizes=\"auto, (max-width: 400px) 100vw, 400px\" \/>\t\t\t\t\t\t\n\t\t\t\t\t<\/div>\n\t\t\t\t\t\t<\/a>\t\t\n<style>\n#image_1794085017 {\n  width: 100%;\n}\n<\/style>\n\t<\/div>\n\t\n\t\t<\/div>\n\t\t\t\t\t<\/div>\n\n\t\n<\/div>\n\t<div id=\"gap-1196887740\" class=\"gap-element clearfix\" style=\"display:block; height:auto;\">\n\t\t\n<style>\n#gap-1196887740 {\n  padding-top: 16px;\n}\n<\/style>\n\t<\/div>\n\t\n\t<div id=\"gap-1660606312\" class=\"gap-element clearfix\" style=\"display:block; height:auto;\">\n\t\t\n<style>\n#gap-1660606312 {\n  padding-top: 15px;\n}\n<\/style>\n\t<\/div>\n\t\n<p><em><strong>Disclaimer (Tuy\u00ean b\u1ed1 mi\u1ec5n tr\u1eeb):<\/strong><\/em> 2899y.org cung c\u1ea5p th\u00f4ng tin tham kh\u1ea3o v\u1ec1 d\u1ecbch v\u1ee5 c\u00e1 c\u01b0\u1ee3c h\u01b0\u1edbng \u0111\u1ebfn ng\u01b0\u1eddi d\u00f9ng tr\u00ean 18 tu\u1ed5i s\u1ed1ng t\u1ea1i n\u01b0\u1edbc ngo\u00e0i. 2899y bet kh\u00f4ng khuy\u1ebfn kh\u00edch \u0111\u1ea7u t\u01b0 c\u00e1 c\u01b0\u1ee3c. V\u1eady n\u00ean ng\u01b0\u1eddi d\u00f9ng ch\u1ecbu ho\u00e0n to\u00e0n m\u1ecdi tr\u00e1ch nhi\u1ec7m cho c\u00e1c h\u00e0nh vi s\u1eed d\u1ee5ng th\u00f4ng tin sai m\u1ee5c \u0111\u00edch ho\u1eb7c vi ph\u1ea1m quy \u0111\u1ecbnh ph\u00e1p lu\u1eadt t\u1ea1i qu\u1ed1c gia s\u1edf t\u1ea1i.<\/p>\n<h2 class=\"tieu-de uppercase\"><span style=\"color: #3366ff;\"><strong>FAQ &#8211; Tr\u1ea3 l\u1eddi nh\u1eefng th\u1eafc m\u1eafc khi ch\u01a1i 23BET<\/strong><\/span><\/h2>\n<div class=\"accordion\"><\/div>\n\t<div id=\"accordion-1901985804\" class=\"accordion-item\">\n\t\t<a id=\"accordion-1901985804-label\" class=\"accordion-title plain\" href=\"#accordion-item-truy-c\u1eadp-2899-y.com-tr\u00ean-trang-ch\u00ednh-th\u1ee9c-n\u00e0o?\" aria-expanded=\"false\" aria-controls=\"accordion-1901985804-content\" >\n\t\t\t<button class=\"toggle\" aria-label=\"Chuy\u1ec3n \u0111\u1ed5i\"><i class=\"icon-angle-down\"><\/i><\/button>\n\t\t\t<span>Truy c\u1eadp 2899 y.com tr\u00ean trang ch\u00ednh th\u1ee9c n\u00e0o?<\/span>\n\t\t<\/a>\n\t\t<div id=\"accordion-1901985804-content\" class=\"accordion-inner\" aria-labelledby=\"accordion-1901985804-label\" >\n\t\t\t\n<p><span style=\"color: #3366ff;\">5 trang truy c\u1eadp ch\u00ednh th\u1ee9c:<\/span><\/p>\n<ul>\n<li><span style=\"color: #3366ff;\">2899y.com<\/span><\/li>\n<li><span style=\"color: #3366ff;\">2899 y.casino<\/span><\/li>\n<li><span style=\"color: #3366ff;\">288 99y.game<\/span><\/li>\n<li><span style=\"color: #3366ff;\">2899y . app<\/span><\/li>\n<li><span style=\"color: #3366ff;\">2899y.win<\/span><\/li>\n<\/ul>\n<p>#trangchu28bet #dangnhap28bet #dangky28bet #taiapp28bet #app28bwt #28betbet #28betcasino<\/p>\n<p>#trangchu2899y #dangnhap2899y #dangky2899y #taiapp2899y #app2899y #2899ybet #2899ycasino<\/p>\n\t\t<\/div>\n\t<\/div>\n\t\n\t<div id=\"accordion-3720470602\" class=\"accordion-item\">\n\t\t<a id=\"accordion-3720470602-label\" class=\"accordion-title plain\" href=\"#accordion-item-n\u1ea1p-ti\u1ec1n-t\u1ea1i-2899y.bet-b\u1eb1ng-c\u00e1ch-n\u00e0o?\" aria-expanded=\"false\" aria-controls=\"accordion-3720470602-content\" >\n\t\t\t<button class=\"toggle\" aria-label=\"Chuy\u1ec3n \u0111\u1ed5i\"><i class=\"icon-angle-down\"><\/i><\/button>\n\t\t\t<span>N\u1ea1p ti\u1ec1n t\u1ea1i 2899y.bet b\u1eb1ng c\u00e1ch n\u00e0o?<\/span>\n\t\t<\/a>\n\t\t<div id=\"accordion-3720470602-content\" class=\"accordion-inner\" aria-labelledby=\"accordion-3720470602-label\" >\n\t\t\t\n<p><span style=\"color: #3366ff;\">Ng\u01b0\u1eddi d\u00f9ng truy c\u1eadp trang ch\u1ee7 ch\u00ednh th\u1ee9c 2899 y.now li\u00ean k\u1ebft t\u00e0i kho\u1ea3n ng\u00e2n h\u00e0ng v\u00e0 t\u1ea1o m\u00e3 b\u1ea3o m\u1eadt giao d\u1ecbch. Nh\u1ea5p v\u00e0o m\u1ee5c N\u1ea1p ti\u1ec1n ch\u1ecdn h\u00ecnh th\u1ee9c chuy\u1ec3n ti\u1ec1n ( QR code, banking s\u1ed1 t\u00e0i kho\u1ea3n&#8230;) nh\u1eadp s\u1ed1 ti\u1ec1n ki\u1ec3m tra l\u1ea1i k\u1ef9 th\u00f4ng tin x\u00e1c nh\u1eadn l\u00e0 n\u1ea1p \u0111\u01b0\u1ee3c ti\u1ec1n.<\/span><\/p>\n\t\t<\/div>\n\t<\/div>\n\t\n\t<div id=\"accordion-1568392660\" class=\"accordion-item\">\n\t\t<a id=\"accordion-1568392660-label\" class=\"accordion-title plain\" href=\"#accordion-item-t\u1ea3i-app-2899y-.co-b\u1eb1ng-c\u00e1ch-n\u00e0o?\" aria-expanded=\"false\" aria-controls=\"accordion-1568392660-content\" >\n\t\t\t<button class=\"toggle\" aria-label=\"Chuy\u1ec3n \u0111\u1ed5i\"><i class=\"icon-angle-down\"><\/i><\/button>\n\t\t\t<span>T\u1ea3i app 2899y .co b\u1eb1ng c\u00e1ch n\u00e0o?<\/span>\n\t\t<\/a>\n\t\t<div id=\"accordion-1568392660-content\" class=\"accordion-inner\" aria-labelledby=\"accordion-1568392660-label\" >\n\t\t\t\n<p><span style=\"color: #3366ff;\">Truy c\u1eadp trang ch\u1ee7 nh\u00e0 c\u00e1i 28bet:<\/span><\/p>\n<ul>\n<li><span style=\"color: #3366ff;\">T\u00ecm v\u00e0 ch\u1ecdn m\u1ee5c T\u1ea3i App<\/span><\/li>\n<li><span style=\"color: #3366ff;\">Ch\u1ecdn h\u1ec7 \u0111i\u1ec1u h\u00e0nh ph\u00f9 h\u1ee3p v\u1edbi thi\u1ebft b\u1ecb \u0111ang d\u00f9ng<\/span><\/li>\n<li><span style=\"color: #3366ff;\">T\u1ea3i v\u1ec1 v\u00e0 c\u00e0i \u0111\u1eb7t theo h\u01b0\u1edbng d\u1eabn <\/span><\/li>\n<\/ul>\n\t\t<\/div>\n\t<\/div>\n\t\n\t<div id=\"accordion-3408407533\" class=\"accordion-item\">\n\t\t<a id=\"accordion-3408407533-label\" class=\"accordion-title plain\" href=\"#accordion-item-tham-gia-ch\u01a1i-2899y.casino-c\u00f3-an-to\u00e0n-kh\u00f4ng?\" aria-expanded=\"false\" aria-controls=\"accordion-3408407533-content\" >\n\t\t\t<button class=\"toggle\" aria-label=\"Chuy\u1ec3n \u0111\u1ed5i\"><i class=\"icon-angle-down\"><\/i><\/button>\n\t\t\t<span>Tham gia ch\u01a1i 2899y.casino c\u00f3 an to\u00e0n kh\u00f4ng?<\/span>\n\t\t<\/a>\n\t\t<div id=\"accordion-3408407533-content\" class=\"accordion-inner\" aria-labelledby=\"accordion-3408407533-label\" >\n\t\t\t\n<p><span style=\"color: #3366ff;\">Ng\u01b0\u1eddi ch\u01a1i ho\u00e0n to\u00e0n an t\u00e2m khi ch\u01a1i tr\u00ean 28bet game trang s\u1eed d\u1ee5ng c\u00f4ng ngh\u1ec7 m\u00e3 h\u00f3a SSL-128bit b\u1ea3o v\u1ec7 th\u00f4ng tin t\u00e0i kho\u1ea3n, giao d\u1ecbch c\u1ee7a ng\u01b0\u1eddi ch\u01a1i tuy\u1ec7t \u0111\u1ed1i kh\u00f4ng \u0111\u1ec3 b\u1ecb hack b\u1edfi b\u00ean Th\u1ee9 3.<\/span><\/p>\n\t\t<\/div>\n\t<\/div>\n\t\n<p>&nbsp;<\/p>\n","protected":false},"excerpt":{"rendered":"<p>TRANG CH\u1ee6 \u0110\u0102NG NH\u1eacP NH\u00c0 C\u00c1I 28BET Link trang t\u1ed5ng v\u00e0o 2899y com ch\u00ednh th\u1ee9c c\u1eadp nh\u1eadt ng\u00e0y h\u00f4m nay m\u1edbi nh\u1ea5t: Disclaimer (Tuy\u00ean b\u1ed1 mi\u1ec5n tr\u1eeb): 2899y.org cung c\u1ea5p th\u00f4ng tin tham kh\u1ea3o v\u1ec1 d\u1ecbch v\u1ee5 c\u00e1 c\u01b0\u1ee3c h\u01b0\u1edbng \u0111\u1ebfn ng\u01b0\u1eddi d\u00f9ng tr\u00ean 18 tu\u1ed5i s\u1ed1ng t\u1ea1i n\u01b0\u1edbc ngo\u00e0i. 2899y bet kh\u00f4ng khuy\u1ebfn kh\u00edch&#8230;<\/p>\n","protected":false},"author":1,"featured_media":0,"parent":0,"menu_order":0,"comment_status":"closed","ping_status":"open","template":"page-right-sidebar.php","meta":{"footnotes":""},"class_list":["post-2","page","type-page","status-publish","hentry"],"_links":{"self":[{"href":"https:\/\/2899y.org\/index.php?rest_route=\/wp\/v2\/pages\/2","targetHints":{"allow":["GET"]}}],"collection":[{"href":"https:\/\/2899y.org\/index.php?rest_route=\/wp\/v2\/pages"}],"about":[{"href":"https:\/\/2899y.org\/index.php?rest_route=\/wp\/v2\/types\/page"}],"author":[{"embeddable":true,"href":"https:\/\/2899y.org\/index.php?rest_route=\/wp\/v2\/users\/1"}],"replies":[{"embeddable":true,"href":"https:\/\/2899y.org\/index.php?rest_route=%2Fwp%2Fv2%2Fcomments&post=2"}],"version-history":[{"count":54,"href":"https:\/\/2899y.org\/index.php?rest_route=\/wp\/v2\/pages\/2\/revisions"}],"predecessor-version":[{"id":633,"href":"https:\/\/2899y.org\/index.php?rest_route=\/wp\/v2\/pages\/2\/revisions\/633"}],"wp:attachment":[{"href":"https:\/\/2899y.org\/index.php?rest_route=%2Fwp%2Fv2%2Fmedia&parent=2"}],"curies":[{"name":"wp","href":"https:\/\/api.w.org\/{rel}","templated":true}]}}